{"id":2683,"date":"2017-08-02T14:59:26","date_gmt":"2017-08-02T12:59:26","guid":{"rendered":"https:\/\/highnoteskybar.hu\/the-pastry-chef-zsuzsanna-szabo\/"},"modified":"2024-12-08T20:20:52","modified_gmt":"2024-12-08T19:20:52","slug":"the-pastry-chef","status":"publish","type":"page","link":"https:\/\/highnoteskybar.hu\/en\/the-pastry-chef\/","title":{"rendered":"The pastry chef, Petra G\u00e1lfi &#8211; High Note Skybar, Aria Hotel Rooftop Bar &#8211; Hercegpr\u00edm\u00e1s Street 5, Budapest H-1051, Hungary"},"content":{"rendered":"<p><div class=\"fusion-fullwidth fullwidth-box fusion-builder-row-1 hundred-percent-fullwidth non-hundred-percent-height-scrolling fusion-equal-height-columns\" style=\"--awb-border-radius-top-left:0px;--awb-border-radius-top-right:0px;--awb-border-radius-bottom-right:0px;--awb-border-radius-bottom-left:0px;--awb-padding-top:0px;--awb-padding-right:0px;--awb-padding-bottom:0px;--awb-padding-left:0px;--awb-margin-top:0px;--awb-margin-bottom:0px;--awb-flex-wrap:wrap;\" ><div class=\"fusion-builder-row fusion-row\"><div class=\"fusion-layout-column fusion_builder_column fusion-builder-column-0 fusion_builder_column_1_2 1_2 fusion-one-half fusion-column-first\" style=\"--awb-bg-image:url(&#039;https:\/\/highnoteskybar.hu\/wp-content\/uploads\/2023\/10\/IMG_5587-scaled-e1697809584253.jpeg&#039;);--awb-bg-position:center center;--awb-bg-size:cover;width:50%;width:calc(50% - ( ( 4% ) * 0.5 ) );margin-right: 4%;\"><div class=\"fusion-column-wrapper fusion-column-has-shadow fusion-flex-column-wrapper-legacy fusion-column-has-bg-image\" data-bg-url=\"https:\/\/highnoteskybar.hu\/wp-content\/uploads\/2023\/10\/IMG_5587-scaled-e1697809584253.jpeg\"><div class=\"fusion-column-content-centered\"><div class=\"fusion-column-content\"><div class=\"fusion-sep-clear\"><\/div><div class=\"fusion-separator fusion-full-width-sep\" style=\"margin-left: auto;margin-right: auto;margin-top:660PX;width:100%;\"><\/div><div class=\"fusion-sep-clear\"><\/div><\/div><\/div><div class=\"fusion-clearfix\"><\/div><\/div><\/div><div class=\"fusion-layout-column fusion_builder_column fusion-builder-column-1 fusion_builder_column_1_2 1_2 fusion-one-half fusion-column-last\" style=\"--awb-padding-top:20px;--awb-padding-right:40px;--awb-padding-bottom:20px;--awb-padding-left:40px;--awb-bg-blend:overlay;--awb-bg-size:cover;width:50%;width:calc(50% - ( ( 4% ) * 0.5 ) );\"><div class=\"fusion-column-wrapper fusion-flex-column-wrapper-legacy\"><div class=\"fusion-sep-clear\"><\/div><div class=\"fusion-separator fusion-full-width-sep\" style=\"margin-left: auto;margin-right: auto;margin-top:100px;width:100%;\"><\/div><div class=\"fusion-sep-clear\"><\/div><div class=\"fusion-text fusion-text-1\"><p style=\"letter-spacing: 4px; font-size: 16px; text-align: center; margin-bottom: 0px;\"><span class=\"person-title\">THE PASTRY CHEF<\/span><\/p>\n<\/div><div class=\"fusion-text fusion-text-2\"><h2 style=\"text-align: center;\">Petra G\u00e1lfi<\/h2>\n<\/div><div class=\"fusion-sep-clear\"><\/div><div class=\"fusion-separator fusion-full-width-sep\" style=\"margin-left: auto;margin-right: auto;margin-top:20px;margin-bottom:15px;width:100%;\"><\/div><div class=\"fusion-sep-clear\"><\/div><div class=\"fusion-text fusion-text-3\"><p>Petra received her first comprehensive professional training at the pastry training course of the K\u00e1roly Gundel vocational school in Patin\u00e1s, and then immediately jumped into the deep water: she took part in an internship at the Gundel restaurant for two more years. Since then, she has gained valuable experience in the highest category of hospitality places, including several five-star hotels in Budapest. She received real creative challenges and a management assignment for the first time in the restaurant of the Aria Hotel.<\/p>\n<p>&#8220;I have a sweet tooth, I love desserts, and I was excited to learn about the secret alchemy behind delicacies, so I began to study pastry craft more and more actively &#8211; she remembers the beginning.<\/p>\n<p>The epidemic period of 2020 also brought many changes to her life, but she tried to take advantage of the challenging years: she enrolled in a mixing school, and life proved him: the experience she gained in making cocktails greatly contributed to the development of her individual pastry style.<\/p>\n<p>Despite her young age, the pastry chef of Caf\u00e9 Liszt and Aria Hotel is very conscious of her concept: she combines well-loved flavors in a unique, innovative way. One of her favorite creations, the pistachio cr\u00e8me brul\u00e9e, was born in the spirit of this<\/p>\n<\/div><div class=\"fusion-testimonials clean awb-speech-bubble-show fusion-testimonials-1\" style=\"--awb-textcolor:#747474;--awb-backgroundcolor:#f6f6f6;--awb-testimonial-border-style:solid;--awb-testimonial-border-color:var(--awb-color3);--awb-border-top-left-radius:0px;--awb-border-top-right-radius:0px;--awb-border-bottom-left-radius:0px;--awb-border-bottom-right-radius:0px;--testimonial-border-width-top:0px;--testimonial-border-width-right:0px;--testimonial-border-width-bottom:0px;--testimonial-border-width-left:0px;\" data-random=\"0\" data-speed=\"4000\"><div class=\"reviews\"><div class=\"review active-testimonial avatar-above no-avatar\"><blockquote class=\"testimonials-shortcode-blockquote\"><div class=\"awb-quote\"><div class=\"awb-quote-content\">\n<p>\u201cDining without a dessert is <br \/>like a woman without perfume.\u201d<\/p>\n<\/div><\/div><\/blockquote><div class=\"author\"><span class=\"company-name\"><\/span><\/div><\/div><\/div><\/div><div class=\"fusion-clearfix\"><\/div><\/div><\/div><\/div><\/div><div class=\"fusion-bg-parallax\" data-bg-align=\"center center\" data-direction=\"up\" data-mute=\"false\" data-opacity=\"100\" data-velocity=\"-0.3\" data-mobile-enabled=\"true\" data-break_parents=\"0\" data-bg-image=\"https:\/\/highnoteskybar.hu\/wp-content\/uploads\/2024\/10\/NEW-MENU-026-scaled-e1730225669699.jpg\" data-bg-repeat=\"false\" ><\/div><div class=\"fusion-fullwidth fullwidth-box fusion-builder-row-2 fusion-parallax-up hundred-percent-fullwidth non-hundred-percent-height-scrolling\" style=\"--awb-border-radius-top-left:0px;--awb-border-radius-top-right:0px;--awb-border-radius-bottom-right:0px;--awb-border-radius-bottom-left:0px;--awb-margin-bottom:0px;--awb-background-image:url(&quot;https:\/\/highnoteskybar.hu\/wp-content\/uploads\/2024\/10\/NEW-MENU-026-scaled-e1730225669699.jpg&quot;);--awb-background-size:cover;--awb-flex-wrap:wrap;\" ><div class=\"fusion-builder-row fusion-row\"><div class=\"fusion-layout-column fusion_builder_column fusion-builder-column-2 fusion_builder_column_1_1 1_1 fusion-one-full fusion-column-first fusion-column-last\" style=\"--awb-bg-position:center center;--awb-bg-blend:overlay;--awb-bg-size:cover;\"><div class=\"fusion-column-wrapper fusion-flex-column-wrapper-legacy\"><div class=\"fusion-sep-clear\"><\/div><div class=\"fusion-separator fusion-full-width-sep\" style=\"margin-left: auto;margin-right: auto;margin-top:300px;width:100%;\"><\/div><div class=\"fusion-sep-clear\"><\/div><div class=\"fusion-clearfix\"><\/div><\/div><\/div><\/div><\/div><\/p>\n","protected":false},"excerpt":{"rendered":"","protected":false},"author":2,"featured_media":0,"parent":0,"menu_order":0,"comment_status":"closed","ping_status":"closed","template":"100-width.php","meta":{"inline_featured_image":false,"footnotes":""},"class_list":["post-2683","page","type-page","status-publish","hentry"],"_links":{"self":[{"href":"https:\/\/highnoteskybar.hu\/en\/wp-json\/wp\/v2\/pages\/2683","targetHints":{"allow":["GET"]}}],"collection":[{"href":"https:\/\/highnoteskybar.hu\/en\/wp-json\/wp\/v2\/pages"}],"about":[{"href":"https:\/\/highnoteskybar.hu\/en\/wp-json\/wp\/v2\/types\/page"}],"author":[{"embeddable":true,"href":"https:\/\/highnoteskybar.hu\/en\/wp-json\/wp\/v2\/users\/2"}],"replies":[{"embeddable":true,"href":"https:\/\/highnoteskybar.hu\/en\/wp-json\/wp\/v2\/comments?post=2683"}],"version-history":[{"count":2,"href":"https:\/\/highnoteskybar.hu\/en\/wp-json\/wp\/v2\/pages\/2683\/revisions"}],"predecessor-version":[{"id":7199,"href":"https:\/\/highnoteskybar.hu\/en\/wp-json\/wp\/v2\/pages\/2683\/revisions\/7199"}],"wp:attachment":[{"href":"https:\/\/highnoteskybar.hu\/en\/wp-json\/wp\/v2\/media?parent=2683"}],"curies":[{"name":"wp","href":"https:\/\/api.w.org\/{rel}","templated":true}]}}