{"id":5126,"date":"2020-10-14T09:50:22","date_gmt":"2020-10-14T07:50:22","guid":{"rendered":"https:\/\/highnoteskybar.hu\/blog-high-note-skybar-aria-hotel-tetoterasz-1051-budapest-hercegprimas-u-5\/"},"modified":"2020-10-15T22:24:09","modified_gmt":"2020-10-15T20:24:09","slug":"blog-high-note-skybar-aria-hotel-rooftop-bar-1051-budapest-hercegprimas-u-5","status":"publish","type":"page","link":"https:\/\/highnoteskybar.hu\/en\/blog-high-note-skybar-aria-hotel-rooftop-bar-1051-budapest-hercegprimas-u-5\/","title":{"rendered":"Blog \u2013 High Note Skybar, Aria Hotel Rooftop Bar, 1051 Budapest, Hercegpr\u00edm\u00e1s u. 5."},"content":{"rendered":"<p><div class=\"fusion-fullwidth fullwidth-box fusion-builder-row-1 hundred-percent-fullwidth non-hundred-percent-height-scrolling\" style=\"--awb-border-radius-top-left:0px;--awb-border-radius-top-right:0px;--awb-border-radius-bottom-right:0px;--awb-border-radius-bottom-left:0px;--awb-flex-wrap:wrap;\" ><div class=\"fusion-builder-row fusion-row\"><div class=\"fusion-layout-column fusion_builder_column fusion-builder-column-0 fusion_builder_column_1_1 1_1 fusion-one-full fusion-column-first fusion-column-last\" style=\"--awb-bg-size:cover;\"><div class=\"fusion-column-wrapper fusion-column-has-shadow fusion-flex-column-wrapper-legacy\"><div class=\"fusion-blog-shortcode fusion-blog-shortcode-1 fusion-blog-archive fusion-blog-layout-grid-wrapper fusion-blog-pagination\"><style type=\"text\/css\">.fusion-blog-shortcode-1 .fusion-blog-layout-grid .fusion-post-grid{padding:20px;}.fusion-blog-shortcode-1 .fusion-posts-container{margin-left: -20px !important; margin-right:-20px !important;}<\/style><div class=\"fusion-posts-container fusion-posts-container-pagination fusion-blog-rollover fusion-blog-layout-grid fusion-blog-layout-grid-3 isotope fusion-blog-equal-heights\" data-pages=\"2\" data-grid-col-space=\"40\" style=\"margin: -20px -20px 0;min-height:500px;\"><article id=\"blog-1-post-6232\" class=\"fusion-post-grid post-6232 post type-post status-publish format-standard has-post-thumbnail hentry category-dinner\">\n<div class=\"fusion-post-wrapper\" style=\"background-color:rgba(255,255,255,1);border:1px solid #ffffff;border-bottom-width:3px;\">\n\n\t\t\t<div class=\"fusion-flexslider flexslider fusion-flexslider-loading fusion-post-slideshow\" style=\"border-color:#ffffff;\">\n\t\t<ul class=\"slides\">\n\t\t\t\n\t\t\t\t\t\t\t\t\t\t\t\t\t\t<li><div  class=\"fusion-image-wrapper\" aria-haspopup=\"true\">\n\t\t\t\t<img decoding=\"async\" width=\"800\" height=\"559\" src=\"https:\/\/highnoteskybar.hu\/wp-content\/uploads\/2025\/05\/Aria10-e1757424503836.jpg\" class=\"attachment-full size-full wp-post-image\" alt=\"\" srcset=\"https:\/\/highnoteskybar.hu\/wp-content\/uploads\/2025\/05\/Aria10-e1757424503836-200x140.jpg 200w, https:\/\/highnoteskybar.hu\/wp-content\/uploads\/2025\/05\/Aria10-e1757424503836-400x280.jpg 400w, https:\/\/highnoteskybar.hu\/wp-content\/uploads\/2025\/05\/Aria10-e1757424503836-600x419.jpg 600w, https:\/\/highnoteskybar.hu\/wp-content\/uploads\/2025\/05\/Aria10-e1757424503836.jpg 800w\" sizes=\"(min-width: 2200px) 100vw, (min-width: 784px) 613px, (min-width: 712px) 784px, (min-width: 640px) 712px, \" \/><div class=\"fusion-rollover\">\n\t<div class=\"fusion-rollover-content\">\n\n\t\t\t\t\t\t\t\t\t\t\t\t\t\t<a class=\"fusion-rollover-link\" href=\"https:\/\/highnoteskybar.hu\/en\/new-years-eve-gala-aria-hotel-budapest-high-note-skybar\/\">New Year\u2019s Eve Gala at the Aria Hotel Budapest &#038; the High Note Skybar<\/a>\n\t\t\t\n\t\t\t\t\t\t\t\t\n\t\t\n\t\t\t\t\t\t\t\t\n\t\t\t\t\t\t\t\t\n\t\t\n\t\t\t\t\t\t<a class=\"fusion-link-wrapper\" href=\"https:\/\/highnoteskybar.hu\/en\/new-years-eve-gala-aria-hotel-budapest-high-note-skybar\/\" aria-label=\"New Year\u2019s Eve Gala at the Aria Hotel Budapest &#038; the High Note Skybar\"><\/a>\n\t<\/div>\n<\/div>\n<\/div>\n<\/li>\n\t\t\t\n\t\t\t\n\t\t\t\t\t\t\t\t\t\t\t\t\t\t\t\t\t\t\t\t\t\t\t\t\t\t\t\t\t\t\t\t\t\t\t\t\t\t\t\t\t\t\t\t\t\t\t\t\t\t\t\t\t\t\t\t\t\t\t\t\t\t\t\t\t\t\t\t<\/ul>\n\t<\/div>\n\t<div class=\"fusion-post-content-wrapper\" style=\"padding:30px 25px 20px 25px;\"><div class=\"fusion-post-content post-content\"><h2 class=\"blog-shortcode-post-title entry-title\">New Year\u2019s Eve Gala at the Aria Hotel Budapest &#038; the High Note Skybar<\/h2><p class=\"fusion-single-line-meta\"><span class=\"vcard\" style=\"display: none;\"><span class=\"fn\"><a href=\"https:\/\/highnoteskybar.hu\/en\/author\/kornel\/\" title=\"Posts by Magyar Korn\u00e9l\" rel=\"author\">Magyar Korn\u00e9l<\/a><\/span><\/span><span class=\"updated\" style=\"display:none;\">2025-12-17T20:36:35+01:00<\/span><span>2025. September 8.<\/span><span class=\"fusion-inline-sep\">|<\/span><\/p><div class=\"fusion-content-sep sep-double sep-solid\"><\/div><div class=\"fusion-post-content-container\"><p><\/p><p>      SOLD OUT!New Year\u2019s Eve Gala Dinner at the Aria Hotel Budapest &amp; the High Note SkyBar   DATE: Wednesday, 31st December 2025TIMING: 7:30 pm-02:00 am Our New Year\u2019s Eve Gala Dinner includes a six-course culinary extravaganza paired with wines, live musical entertainment, dancing into the New Year.  [\u2026]<\/p>\n<\/div><\/div><div class=\"fusion-meta-info\"><div class=\"fusion-alignleft\"><a class=\"fusion-read-more\" href=\"https:\/\/highnoteskybar.hu\/en\/new-years-eve-gala-aria-hotel-budapest-high-note-skybar\/\" aria-label=\"More on New Year\u2019s Eve Gala at the Aria Hotel Budapest &#038; the High Note Skybar\">Read More<\/a><\/div><\/div><\/div><div class=\"fusion-clearfix\"><\/div><\/div>\n<\/article>\n<article id=\"blog-1-post-5686\" class=\"fusion-post-grid post-5686 post type-post status-publish format-standard has-post-thumbnail hentry category-dinner category-uncategorized\">\n<div class=\"fusion-post-wrapper\" style=\"background-color:rgba(255,255,255,1);border:1px solid #ffffff;border-bottom-width:3px;\">\n\n\t\t\t<div class=\"fusion-flexslider flexslider fusion-flexslider-loading fusion-post-slideshow\" style=\"border-color:#ffffff;\">\n\t\t<ul class=\"slides\">\n\t\t\t\n\t\t\t\t\t\t\t\t\t\t\t\t\t\t<li><div  class=\"fusion-image-wrapper\" aria-haspopup=\"true\">\n\t\t\t\t<img decoding=\"async\" width=\"1200\" height=\"840\" src=\"https:\/\/highnoteskybar.hu\/wp-content\/uploads\/2021\/08\/skybar-aug20.jpg\" class=\"attachment-full size-full wp-post-image\" alt=\"SkyBar Aug 20\" srcset=\"https:\/\/highnoteskybar.hu\/wp-content\/uploads\/2021\/08\/skybar-aug20-200x140.jpg 200w, https:\/\/highnoteskybar.hu\/wp-content\/uploads\/2021\/08\/skybar-aug20-400x280.jpg 400w, https:\/\/highnoteskybar.hu\/wp-content\/uploads\/2021\/08\/skybar-aug20-600x420.jpg 600w, https:\/\/highnoteskybar.hu\/wp-content\/uploads\/2021\/08\/skybar-aug20-800x560.jpg 800w, https:\/\/highnoteskybar.hu\/wp-content\/uploads\/2021\/08\/skybar-aug20.jpg 1200w\" sizes=\"(min-width: 2200px) 100vw, (min-width: 784px) 613px, (min-width: 712px) 784px, (min-width: 640px) 712px, \" \/><div class=\"fusion-rollover\">\n\t<div class=\"fusion-rollover-content\">\n\n\t\t\t\t\t\t\t\t\t\t\t\t\t\t<a class=\"fusion-rollover-link\" href=\"https:\/\/highnoteskybar.hu\/en\/august-20-dinner-reception-at-the-high-note-skybar\/\">August 20 Dinner Reception at the High Note SkyBar<\/a>\n\t\t\t\n\t\t\t\t\t\t\t\t\n\t\t\n\t\t\t\t\t\t\t\t\n\t\t\t\t\t\t\t\t\n\t\t\n\t\t\t\t\t\t<a class=\"fusion-link-wrapper\" href=\"https:\/\/highnoteskybar.hu\/en\/august-20-dinner-reception-at-the-high-note-skybar\/\" aria-label=\"August 20 Dinner Reception at the High Note SkyBar\"><\/a>\n\t<\/div>\n<\/div>\n<\/div>\n<\/li>\n\t\t\t\n\t\t\t\n\t\t\t\t\t\t\t\t\t\t\t\t\t\t\t\t\t\t\t\t\t\t\t\t\t\t\t\t\t\t\t\t\t\t\t\t\t\t\t\t\t\t\t\t\t\t\t\t\t\t\t\t\t\t\t\t\t\t\t\t\t\t\t\t\t\t\t\t<\/ul>\n\t<\/div>\n\t<div class=\"fusion-post-content-wrapper\" style=\"padding:30px 25px 20px 25px;\"><div class=\"fusion-post-content post-content\"><h2 class=\"blog-shortcode-post-title entry-title\">August 20 Dinner Reception at the High Note SkyBar<\/h2><p class=\"fusion-single-line-meta\"><span class=\"vcard\" style=\"display: none;\"><span class=\"fn\"><a href=\"https:\/\/highnoteskybar.hu\/en\/author\/sara-admin\/\" title=\"Posts by S\u00f6t\u00e9t S\u00e1ra\" rel=\"author\">S\u00f6t\u00e9t S\u00e1ra<\/a><\/span><\/span><span class=\"updated\" style=\"display:none;\">2025-09-09T15:30:59+02:00<\/span><span>2025. July 5.<\/span><span class=\"fusion-inline-sep\">|<\/span><\/p><div class=\"fusion-content-sep sep-double sep-solid\"><\/div><div class=\"fusion-post-content-container\"><p><\/p><p>      SOLD OUT \u2013 August 20 Dinner Reception at the High Note SkyBar   AUGUST 20., 2025., BETWEEN 7 AND 11 PMMagical panorama, breathtaking fireworks, delectable finger food, two unlimited drink packages to choose from, and live music \u2013 on August 20, we invite our guests to an unforgettable summer evening experience at High Note SkyBar!  [\u2026]<\/p>\n<\/div><\/div><div class=\"fusion-meta-info\"><div class=\"fusion-alignleft\"><a class=\"fusion-read-more\" href=\"https:\/\/highnoteskybar.hu\/en\/august-20-dinner-reception-at-the-high-note-skybar\/\" aria-label=\"More on August 20 Dinner Reception at the High Note SkyBar\">Read More<\/a><\/div><\/div><\/div><div class=\"fusion-clearfix\"><\/div><\/div>\n<\/article>\n<article id=\"blog-1-post-6843\" class=\"fusion-post-grid post-6843 post type-post status-publish format-standard has-post-thumbnail hentry category-koktel-en\">\n<div class=\"fusion-post-wrapper\" style=\"background-color:rgba(255,255,255,1);border:1px solid #ffffff;border-bottom-width:3px;\">\n\n\t\t\t<div class=\"fusion-flexslider flexslider fusion-flexslider-loading fusion-post-slideshow\" style=\"border-color:#ffffff;\">\n\t\t<ul class=\"slides\">\n\t\t\t\n\t\t\t\t\t\t\t\t\t\t\t\t\t\t<li><div  class=\"fusion-image-wrapper\" aria-haspopup=\"true\">\n\t\t\t\t<img decoding=\"async\" width=\"800\" height=\"560\" src=\"https:\/\/highnoteskybar.hu\/wp-content\/uploads\/2024\/02\/eternal-love-koktel-800x560-1.jpg\" class=\"attachment-full size-full wp-post-image\" alt=\"\" srcset=\"https:\/\/highnoteskybar.hu\/wp-content\/uploads\/2024\/02\/eternal-love-koktel-800x560-1-200x140.jpg 200w, https:\/\/highnoteskybar.hu\/wp-content\/uploads\/2024\/02\/eternal-love-koktel-800x560-1-400x280.jpg 400w, https:\/\/highnoteskybar.hu\/wp-content\/uploads\/2024\/02\/eternal-love-koktel-800x560-1-600x420.jpg 600w, https:\/\/highnoteskybar.hu\/wp-content\/uploads\/2024\/02\/eternal-love-koktel-800x560-1.jpg 800w\" sizes=\"(min-width: 2200px) 100vw, (min-width: 784px) 613px, (min-width: 712px) 784px, (min-width: 640px) 712px, \" \/><div class=\"fusion-rollover\">\n\t<div class=\"fusion-rollover-content\">\n\n\t\t\t\t\t\t\t\t\t\t\t\t\t\t<a class=\"fusion-rollover-link\" href=\"https:\/\/highnoteskybar.hu\/en\/eternal-love-cocktail-valentines-month\/\">Eternal Love: signature cocktail during Valentine&#8217;s month<\/a>\n\t\t\t\n\t\t\t\t\t\t\t\t\n\t\t\n\t\t\t\t\t\t\t\t\n\t\t\t\t\t\t\t\t\n\t\t\n\t\t\t\t\t\t<a class=\"fusion-link-wrapper\" href=\"https:\/\/highnoteskybar.hu\/en\/eternal-love-cocktail-valentines-month\/\" aria-label=\"Eternal Love: signature cocktail during Valentine&#8217;s month\"><\/a>\n\t<\/div>\n<\/div>\n<\/div>\n<\/li>\n\t\t\t\n\t\t\t\n\t\t\t\t\t\t\t\t\t\t\t\t\t\t\t\t\t\t\t\t\t\t\t\t\t\t\t\t\t\t\t\t\t\t\t\t\t\t\t\t\t\t\t\t\t\t\t\t\t\t\t\t\t\t\t\t\t\t\t\t\t\t\t\t\t\t\t\t<\/ul>\n\t<\/div>\n\t<div class=\"fusion-post-content-wrapper\" style=\"padding:30px 25px 20px 25px;\"><div class=\"fusion-post-content post-content\"><h2 class=\"blog-shortcode-post-title entry-title\">Eternal Love: signature cocktail during Valentine&#8217;s month<\/h2><p class=\"fusion-single-line-meta\"><span class=\"vcard\" style=\"display: none;\"><span class=\"fn\"><a href=\"https:\/\/highnoteskybar.hu\/en\/author\/kornel\/\" title=\"Posts by Magyar Korn\u00e9l\" rel=\"author\">Magyar Korn\u00e9l<\/a><\/span><\/span><span class=\"updated\" style=\"display:none;\">2024-02-13T14:44:21+01:00<\/span><span>2024. February 2.<\/span><span class=\"fusion-inline-sep\">|<\/span><\/p><div class=\"fusion-content-sep sep-double sep-solid\"><\/div><div class=\"fusion-post-content-container\"><p><\/p><p>       Eternal Love: a signature cocktail by SkyBar mixologists during Valentine\u2019s month \u00a0   Eternal Love, the cocktail creation by High Note Skybar, is a real winter drink specialty  [\u2026]<\/p>\n<\/div><\/div><div class=\"fusion-meta-info\"><div class=\"fusion-alignleft\"><a class=\"fusion-read-more\" href=\"https:\/\/highnoteskybar.hu\/en\/eternal-love-cocktail-valentines-month\/\" aria-label=\"More on Eternal Love: signature cocktail during Valentine&#8217;s month\">Read More<\/a><\/div><\/div><\/div><div class=\"fusion-clearfix\"><\/div><\/div>\n<\/article>\n<article id=\"blog-1-post-5885\" class=\"fusion-post-grid post-5885 post type-post status-publish format-standard has-post-thumbnail hentry category-dinner category-breakfast\">\n<div class=\"fusion-post-wrapper\" style=\"background-color:rgba(255,255,255,1);border:1px solid #ffffff;border-bottom-width:3px;\">\n\n\t\t\t<div class=\"fusion-flexslider flexslider fusion-flexslider-loading fusion-post-slideshow\" style=\"border-color:#ffffff;\">\n\t\t<ul class=\"slides\">\n\t\t\t\n\t\t\t\t\t\t\t\t\t\t\t\t\t\t<li><div  class=\"fusion-image-wrapper\" aria-haspopup=\"true\">\n\t\t\t\t<img decoding=\"async\" width=\"1200\" height=\"840\" src=\"https:\/\/highnoteskybar.hu\/wp-content\/uploads\/2022\/01\/ARIA_Valentine_Dinner_1200x840.jpeg\" class=\"attachment-full size-full wp-post-image\" alt=\"\" srcset=\"https:\/\/highnoteskybar.hu\/wp-content\/uploads\/2022\/01\/ARIA_Valentine_Dinner_1200x840-200x140.jpeg 200w, https:\/\/highnoteskybar.hu\/wp-content\/uploads\/2022\/01\/ARIA_Valentine_Dinner_1200x840-400x280.jpeg 400w, https:\/\/highnoteskybar.hu\/wp-content\/uploads\/2022\/01\/ARIA_Valentine_Dinner_1200x840-600x420.jpeg 600w, https:\/\/highnoteskybar.hu\/wp-content\/uploads\/2022\/01\/ARIA_Valentine_Dinner_1200x840-800x560.jpeg 800w, https:\/\/highnoteskybar.hu\/wp-content\/uploads\/2022\/01\/ARIA_Valentine_Dinner_1200x840.jpeg 1200w\" sizes=\"(min-width: 2200px) 100vw, (min-width: 784px) 613px, (min-width: 712px) 784px, (min-width: 640px) 712px, \" \/><div class=\"fusion-rollover\">\n\t<div class=\"fusion-rollover-content\">\n\n\t\t\t\t\t\t\t\t\t\t\t\t\t\t<a class=\"fusion-rollover-link\" href=\"https:\/\/highnoteskybar.hu\/en\/valentines-brunch-and-gala-dinner-in-the-aria-hotel-budapest\/\">Valentine&#8217;s Brunch and Gala Dinner in the Aria Hotel Budapest<\/a>\n\t\t\t\n\t\t\t\t\t\t\t\t\n\t\t\n\t\t\t\t\t\t\t\t\n\t\t\t\t\t\t\t\t\n\t\t\n\t\t\t\t\t\t<a class=\"fusion-link-wrapper\" href=\"https:\/\/highnoteskybar.hu\/en\/valentines-brunch-and-gala-dinner-in-the-aria-hotel-budapest\/\" aria-label=\"Valentine&#8217;s Brunch and Gala Dinner in the Aria Hotel Budapest\"><\/a>\n\t<\/div>\n<\/div>\n<\/div>\n<\/li>\n\t\t\t\n\t\t\t\n\t\t\t\t\t\t\t\t\t\t\t\t\t\t\t\t\t\t\t\t\t\t\t\t\t\t\t\t\t\t\t\t\t\t\t\t\t\t\t\t\t\t\t\t\t\t\t\t\t\t\t\t\t\t\t\t\t\t\t\t\t\t\t\t\t\t\t\t<\/ul>\n\t<\/div>\n\t<div class=\"fusion-post-content-wrapper\" style=\"padding:30px 25px 20px 25px;\"><div class=\"fusion-post-content post-content\"><h2 class=\"blog-shortcode-post-title entry-title\">Valentine&#8217;s Brunch and Gala Dinner in the Aria Hotel Budapest<\/h2><p class=\"fusion-single-line-meta\"><span class=\"vcard\" style=\"display: none;\"><span class=\"fn\"><a href=\"https:\/\/highnoteskybar.hu\/en\/author\/sara-admin\/\" title=\"Posts by S\u00f6t\u00e9t S\u00e1ra\" rel=\"author\">S\u00f6t\u00e9t S\u00e1ra<\/a><\/span><\/span><span class=\"updated\" style=\"display:none;\">2025-02-04T10:06:51+01:00<\/span><span>2022. January 21.<\/span><span class=\"fusion-inline-sep\">|<\/span><\/p><div class=\"fusion-content-sep sep-double sep-solid\"><\/div><div class=\"fusion-post-content-container\"><p><\/p><p>      Valentine\u2019s Brunch and Gala Dinner in the Aria Hotel Budapest    Are you planning to enchant your love with a special Valentine\u2019s day treat? Book your table now at the romantic brunch or gala dinner with live music provided by the Aria Hotel Budapest.  [\u2026]<\/p>\n<\/div><\/div><div class=\"fusion-meta-info\"><div class=\"fusion-alignleft\"><a class=\"fusion-read-more\" href=\"https:\/\/highnoteskybar.hu\/en\/valentines-brunch-and-gala-dinner-in-the-aria-hotel-budapest\/\" aria-label=\"More on Valentine&#8217;s Brunch and Gala Dinner in the Aria Hotel Budapest\">Read More<\/a><\/div><\/div><\/div><div class=\"fusion-clearfix\"><\/div><\/div>\n<\/article>\n<article id=\"blog-1-post-5360\" class=\"fusion-post-grid post-5360 post type-post status-publish format-standard has-post-thumbnail hentry category-dinner tag-asian-cuisine tag-azsiai-konyha-en tag-eggplant tag-vega-en tag-vegan tag-vegetarianus-en tag-vegeterian tag-veggie\">\n<div class=\"fusion-post-wrapper\" style=\"background-color:rgba(255,255,255,1);border:1px solid #ffffff;border-bottom-width:3px;\">\n\n\t\t\t<div class=\"fusion-flexslider flexslider fusion-flexslider-loading fusion-post-slideshow\" style=\"border-color:#ffffff;\">\n\t\t<ul class=\"slides\">\n\t\t\t\n\t\t\t\t\t\t\t\t\t\t\t\t\t\t<li><div  class=\"fusion-image-wrapper\" aria-haspopup=\"true\">\n\t\t\t\t<img decoding=\"async\" width=\"1201\" height=\"841\" src=\"https:\/\/highnoteskybar.hu\/wp-content\/uploads\/2020\/11\/Miso-pakchoi-curry-padlizsan-e1604658990809.jpg\" class=\"attachment-full size-full wp-post-image\" alt=\"Miso pakchoi curry padlizs\u00e1n csicseribors\u00f3 fas\u00edrt\" \/><div class=\"fusion-rollover\">\n\t<div class=\"fusion-rollover-content\">\n\n\t\t\t\t\t\t\t\t\t\t\t\t\t\t<a class=\"fusion-rollover-link\" href=\"https:\/\/highnoteskybar.hu\/en\/everything-we-love-about-asian-vegetarian-cuisine\/\">Everything we love about Asian vegetarian cuisine<\/a>\n\t\t\t\n\t\t\t\t\t\t\t\t\n\t\t\n\t\t\t\t\t\t\t\t\n\t\t\t\t\t\t\t\t\n\t\t\n\t\t\t\t\t\t<a class=\"fusion-link-wrapper\" href=\"https:\/\/highnoteskybar.hu\/en\/everything-we-love-about-asian-vegetarian-cuisine\/\" aria-label=\"Everything we love about Asian vegetarian cuisine\"><\/a>\n\t<\/div>\n<\/div>\n<\/div>\n<\/li>\n\t\t\t\n\t\t\t\n\t\t\t\t\t\t\t\t\t\t\t\t\t\t\t\t\t\t\t\t\t\t\t\t\t\t\t\t\t\t\t\t\t\t\t\t\t\t\t\t\t\t\t\t\t\t\t\t\t\t\t\t\t\t\t\t\t\t\t\t\t\t\t\t\t\t\t\t<\/ul>\n\t<\/div>\n\t<div class=\"fusion-post-content-wrapper\" style=\"padding:30px 25px 20px 25px;\"><div class=\"fusion-post-content post-content\"><h2 class=\"blog-shortcode-post-title entry-title\">Everything we love about Asian vegetarian cuisine<\/h2><p class=\"fusion-single-line-meta\"><span class=\"vcard\" style=\"display: none;\"><span class=\"fn\"><a href=\"https:\/\/highnoteskybar.hu\/en\/author\/sara-admin\/\" title=\"Posts by S\u00f6t\u00e9t S\u00e1ra\" rel=\"author\">S\u00f6t\u00e9t S\u00e1ra<\/a><\/span><\/span><span class=\"updated\" style=\"display:none;\">2022-12-09T13:43:17+01:00<\/span><span>2020. November 5.<\/span><span class=\"fusion-inline-sep\">|<\/span><\/p><div class=\"fusion-content-sep sep-double sep-solid\"><\/div><div class=\"fusion-post-content-container\"><p><\/p><p>       Everything we love about Asian vegetarian cuisine    There are not nearly as many vegetarians in Asia as we might think \u2013 just over 10% of India\u2019s population, for example. But at the same time, it\u2019s true that it\u2019s easier to be vegan over there. Not only because of the spirituality, but also the plants there are simply more nourishing, richer in macronutrients than the continental supply. That\u2019s why an idea popped out of our heads and we created a dish that has almost everything in it that makes us love Asian gastronomy.  [\u2026]<\/p>\n<\/div><\/div><div class=\"fusion-meta-info\"><div class=\"fusion-alignleft\"><a class=\"fusion-read-more\" href=\"https:\/\/highnoteskybar.hu\/en\/everything-we-love-about-asian-vegetarian-cuisine\/\" aria-label=\"More on Everything we love about Asian vegetarian cuisine\">Read More<\/a><\/div><\/div><\/div><div class=\"fusion-clearfix\"><\/div><\/div>\n<\/article>\n<article id=\"blog-1-post-5367\" class=\"fusion-post-grid post-5367 post type-post status-publish format-standard has-post-thumbnail hentry category-koktel-en category-cocktail tag-lime-en tag-menta-en tag-mint tag-mojito-en\">\n<div class=\"fusion-post-wrapper\" style=\"background-color:rgba(255,255,255,1);border:1px solid #ffffff;border-bottom-width:3px;\">\n\n\t\t\t<div class=\"fusion-flexslider flexslider fusion-flexslider-loading fusion-post-slideshow\" style=\"border-color:#ffffff;\">\n\t\t<ul class=\"slides\">\n\t\t\t\n\t\t\t\t\t\t\t\t\t\t\t\t\t\t<li><div  class=\"fusion-image-wrapper\" aria-haspopup=\"true\">\n\t\t\t\t<img decoding=\"async\" width=\"1125\" height=\"792\" src=\"https:\/\/highnoteskybar.hu\/wp-content\/uploads\/2020\/11\/Mojito-e1604659098302.jpg\" class=\"attachment-full size-full wp-post-image\" alt=\"High Note Mojito\" \/><div class=\"fusion-rollover\">\n\t<div class=\"fusion-rollover-content\">\n\n\t\t\t\t\t\t\t\t\t\t\t\t\t\t<a class=\"fusion-rollover-link\" href=\"https:\/\/highnoteskybar.hu\/en\/high-note-mojito-discreet-charm-of-white-rum-and-mint\/\">High Note Mojito: discreet charm of white rum and mint<\/a>\n\t\t\t\n\t\t\t\t\t\t\t\t\n\t\t\n\t\t\t\t\t\t\t\t\n\t\t\t\t\t\t\t\t\n\t\t\n\t\t\t\t\t\t<a class=\"fusion-link-wrapper\" href=\"https:\/\/highnoteskybar.hu\/en\/high-note-mojito-discreet-charm-of-white-rum-and-mint\/\" aria-label=\"High Note Mojito: discreet charm of white rum and mint\"><\/a>\n\t<\/div>\n<\/div>\n<\/div>\n<\/li>\n\t\t\t\n\t\t\t\n\t\t\t\t\t\t\t\t\t\t\t\t\t\t\t\t\t\t\t\t\t\t\t\t\t\t\t\t\t\t\t\t\t\t\t\t\t\t\t\t\t\t\t\t\t\t\t\t\t\t\t\t\t\t\t\t\t\t\t\t\t\t\t\t\t\t\t\t<\/ul>\n\t<\/div>\n\t<div class=\"fusion-post-content-wrapper\" style=\"padding:30px 25px 20px 25px;\"><div class=\"fusion-post-content post-content\"><h2 class=\"blog-shortcode-post-title entry-title\">High Note Mojito: discreet charm of white rum and mint<\/h2><p class=\"fusion-single-line-meta\"><span class=\"vcard\" style=\"display: none;\"><span class=\"fn\"><a href=\"https:\/\/highnoteskybar.hu\/en\/author\/sara-admin\/\" title=\"Posts by S\u00f6t\u00e9t S\u00e1ra\" rel=\"author\">S\u00f6t\u00e9t S\u00e1ra<\/a><\/span><\/span><span class=\"updated\" style=\"display:none;\">2022-03-17T13:22:51+01:00<\/span><span>2020. November 4.<\/span><span class=\"fusion-inline-sep\">|<\/span><\/p><div class=\"fusion-content-sep sep-double sep-solid\"><\/div><div class=\"fusion-post-content-container\"><p><\/p><p>       High Note Mojito: discreet charm of white rum and mint    The golden age of cocktail culture falls in the second half of the 19th century when large quantities of cheap, but quality spirits began to arrive in Europe and America. One of the real evergreens of this period is the Cuban mojito: simple and great, but what is the secret to its centuries-long success?  [\u2026]<\/p>\n<\/div><\/div><div class=\"fusion-meta-info\"><div class=\"fusion-alignleft\"><a class=\"fusion-read-more\" href=\"https:\/\/highnoteskybar.hu\/en\/high-note-mojito-discreet-charm-of-white-rum-and-mint\/\" aria-label=\"More on High Note Mojito: discreet charm of white rum and mint\">Read More<\/a><\/div><\/div><\/div><div class=\"fusion-clearfix\"><\/div><\/div>\n<\/article>\n<div class=\"fusion-clearfix\"><\/div><\/div><div class=\"pagination clearfix\"><span class=\"current\">1<\/span><a href=\"https:\/\/highnoteskybar.hu\/en\/wp-json\/wp\/v2\/pages\/5126\/page\/2\/\" class=\"inactive\">2<\/a><a class=\"pagination-next\" rel=\"next\" href=\"https:\/\/highnoteskybar.hu\/en\/wp-json\/wp\/v2\/pages\/5126\/page\/2\/\"><span class=\"page-text\">Next<\/span><span class=\"page-next\"><\/span><\/a><\/div><div class=\"fusion-clearfix\"><\/div><\/div><div class=\"fusion-clearfix\"><\/div><\/div><\/div><\/div><\/div><div class=\"fusion-fullwidth fullwidth-box fusion-builder-row-2 nonhundred-percent-fullwidth non-hundred-percent-height-scrolling fusion-no-small-visibility\" style=\"--awb-border-radius-top-left:0px;--awb-border-radius-top-right:0px;--awb-border-radius-bottom-right:0px;--awb-border-radius-bottom-left:0px;--awb-flex-wrap:wrap;\" ><div class=\"fusion-builder-row fusion-row\"><div class=\"fusion-layout-column fusion_builder_column fusion-builder-column-1 fusion_builder_column_1_1 1_1 fusion-one-full fusion-column-first fusion-column-last\" style=\"--awb-bg-size:cover;\"><div class=\"fusion-column-wrapper fusion-column-has-shadow fusion-flex-column-wrapper-legacy\"><div class=\"fusion-sep-clear\"><\/div><div class=\"fusion-separator fusion-full-width-sep\" style=\"margin-left: auto;margin-right: auto;margin-top:100px;width:100%;\"><\/div><div class=\"fusion-sep-clear\"><\/div><div class=\"fusion-clearfix\"><\/div><\/div><\/div><\/div><\/div><\/p>\n","protected":false},"excerpt":{"rendered":"","protected":false},"author":2,"featured_media":0,"parent":0,"menu_order":0,"comment_status":"closed","ping_status":"closed","template":"100-width.php","meta":{"inline_featured_image":false,"footnotes":""},"class_list":["post-5126","page","type-page","status-publish","hentry"],"_links":{"self":[{"href":"https:\/\/highnoteskybar.hu\/en\/wp-json\/wp\/v2\/pages\/5126","targetHints":{"allow":["GET"]}}],"collection":[{"href":"https:\/\/highnoteskybar.hu\/en\/wp-json\/wp\/v2\/pages"}],"about":[{"href":"https:\/\/highnoteskybar.hu\/en\/wp-json\/wp\/v2\/types\/page"}],"author":[{"embeddable":true,"href":"https:\/\/highnoteskybar.hu\/en\/wp-json\/wp\/v2\/users\/2"}],"replies":[{"embeddable":true,"href":"https:\/\/highnoteskybar.hu\/en\/wp-json\/wp\/v2\/comments?post=5126"}],"version-history":[{"count":0,"href":"https:\/\/highnoteskybar.hu\/en\/wp-json\/wp\/v2\/pages\/5126\/revisions"}],"wp:attachment":[{"href":"https:\/\/highnoteskybar.hu\/en\/wp-json\/wp\/v2\/media?parent=5126"}],"curies":[{"name":"wp","href":"https:\/\/api.w.org\/{rel}","templated":true}]}}